{"id":16497,"date":"2015-12-20T16:19:03","date_gmt":"2015-12-20T16:19:03","guid":{"rendered":"https:\/\/www.estetica-clinic.de\/schoenheitsklinik-hamburg\/mitgliedschaften\/?lang=ru"},"modified":"2016-01-07T07:08:59","modified_gmt":"2016-01-07T07:08:59","slug":"chlenstvo","status":"publish","type":"page","link":"https:\/\/www.estetica-clinic.de\/ru\/klinika-krasoty\/chlenstvo\/","title":{"rendered":"\u0427\u041b\u0415\u041d\u0421\u0422\u0412\u041e"},"content":{"rendered":"<p>[vc_row row_type=&#187;row&#187; use_row_as_full_screen_section=&#187;no&#187; type=&#187;full_width&#187; angled_section=&#187;no&#187; text_align=&#187;left&#187; background_image_as_pattern=&#187;without_pattern&#187; css_animation=&#187;&#187;][vc_column][vc_column_text]<\/p>\n<h2 style=\"text-align: center;\">Seitens der ESTETICA CLINIC bestehen Verbindungen zu folgenden Organisationen und Verb\u00e4nden:<\/h2>\n<p>[\/vc_column_text][vc_empty_space][\/vc_column][\/vc_row][vc_row row_type=&#187;row&#187; use_row_as_full_screen_section=&#187;no&#187; type=&#187;full_width&#187; angled_section=&#187;no&#187; text_align=&#187;left&#187; background_image_as_pattern=&#187;without_pattern&#187; css_animation=&#187;&#187;][vc_column width=&#187;1\/3&#8243;][vc_column_text]<\/p>\n<p style=\"text-align: center;\"><a class=\"extra\" href=\"http:\/\/www.mkg-chirurgie.de\/\" target=\"_blank\">Deutsche Gesellschaft f\u00fcr Mund-, Kiefer- und Gesichtschirurgie (MKG)<\/a><\/p>\n<p>[\/vc_column_text][vc_single_image image=&#187;16490&#8243; img_size=&#187;full&#187; qode_css_animation=&#187;element_from_fade&#187;][\/vc_column][vc_column width=&#187;1\/3&#8243;][vc_column_text]<\/p>\n<p style=\"text-align: center;\"><a class=\"extra\" href=\"http:\/\/www.dgpw.de\" target=\"_blank\">Deutsche Gesellschaft f\u00fcr Plastische- und Wiederherstellungschirurgie (DGPW)<\/a><\/p>\n<p>[\/vc_column_text][vc_single_image image=&#187;16494&#8243; img_size=&#187;full&#187; qode_css_animation=&#187;element_from_fade&#187;][\/vc_column][vc_column width=&#187;1\/3&#8243;][vc_column_text]<\/p>\n<p style=\"text-align: center;\"><a class=\"extra\" href=\"http:\/\/www.igaem-online.de\/\" target=\"_blank\">Internationale Gesellschaft f\u00fcr \u00e4sthetische Medizin (IG\u00c4M)<\/a><\/p>\n<p>[\/vc_column_text][vc_single_image image=&#187;16495&#8243; img_size=&#187;full&#187; alignment=&#187;center&#187; qode_css_animation=&#187;element_from_fade&#187;][\/vc_column][\/vc_row][vc_row row_type=&#187;row&#187; use_row_as_full_screen_section=&#187;no&#187; type=&#187;full_width&#187; angled_section=&#187;no&#187; text_align=&#187;left&#187; background_image_as_pattern=&#187;without_pattern&#187; css_animation=&#187;&#187;][vc_column width=&#187;1\/3&#8243;][vc_column_text]<\/p>\n<p style=\"text-align: center;\"><a class=\"extra\" href=\"http:\/\/www.dgaez.de\/\" target=\"_blank\">Deutsche Gesellschaft f\u00fcr \u00e4sthetische Zahnheilkunde e.V. (DG\u00c4Z)<\/a><\/p>\n<p>[\/vc_column_text][vc_single_image image=&#187;16492&#8243; img_size=&#187;full&#187; qode_css_animation=&#187;element_from_fade&#187;][\/vc_column][vc_column width=&#187;1\/3&#8243;][vc_column_text]<\/p>\n<p style=\"text-align: center;\"><a class=\"extra\" href=\"http:\/\/www.dgkz.com\/\" target=\"_blank\">Deutsche Gesellschaft f\u00fcr kosmetische Zahnmedizin (DGKZ)<\/a><\/p>\n<p>[\/vc_column_text][vc_single_image image=&#187;16493&#8243; img_size=&#187;full&#187; alignment=&#187;center&#187; qode_css_animation=&#187;element_from_fade&#187;][\/vc_column][vc_column width=&#187;1\/3&#8243;][vc_column_text]<\/p>\n<p style=\"text-align: center;\"><a class=\"extra\" href=\"http:\/\/www.aacd.com\/\" target=\"_blank\">American Academy of Cosmetic Dentistry (AACD)<\/a><\/p>\n<p>[\/vc_column_text][vc_single_image image=&#187;16491&#8243; img_size=&#187;full&#187; qode_css_animation=&#187;element_from_fade&#187;][\/vc_column][\/vc_row]<\/p>\n","protected":false},"excerpt":{"rendered":"<p>[vc_row row_type=&#187;row&#187; use_row_as_full_screen_section=&#187;no&#187; type=&#187;full_width&#187; angled_section=&#187;no&#187; text_align=&#187;left&#187; background_image_as_pattern=&#187;without_pattern&#187; css_animation=&#187;&#187;][vc_column][vc_column_text] Seitens der ESTETICA CLINIC bestehen Verbindungen zu folgenden Organisationen und Verb\u00e4nden: [\/vc_column_text][vc_empty_space][\/vc_column][\/vc_row][vc_row row_type=&#187;row&#187; use_row_as_full_screen_section=&#187;no&#187; type=&#187;full_width&#187; angled_section=&#187;no&#187; text_align=&#187;left&#187; background_image_as_pattern=&#187;without_pattern&#187; css_animation=&#187;&#187;][vc_column width=&#187;1\/3&#8243;][vc_column_text] Deutsche Gesellschaft f\u00fcr Mund-, Kiefer- und Gesichtschirurgie (MKG) [\/vc_column_text][vc_single_image image=&#187;16490&#8243; img_size=&#187;full&#187; qode_css_animation=&#187;element_from_fade&#187;][\/vc_column][vc_column width=&#187;1\/3&#8243;][vc_column_text] Deutsche Gesellschaft f\u00fcr Plastische-&#8230;<\/p>\n","protected":false},"author":1,"featured_media":0,"parent":16470,"menu_order":0,"comment_status":"closed","ping_status":"closed","template":"","meta":{"footnotes":""},"class_list":["post-16497","page","type-page","status-publish","hentry"],"yoast_head":"<!-- This site is optimized with the Yoast SEO plugin v27.5 - https:\/\/yoast.com\/product\/yoast-seo-wordpress\/ -->\n<title>\u0427\u041b\u0415\u041d\u0421\u0422\u0412\u041e - Sch\u00f6nheitsklinik Hamburg - ESTETICA Clinic<\/title>\n<meta name=\"robots\" content=\"index, follow, max-snippet:-1, max-image-preview:large, max-video-preview:-1\" \/>\n<link rel=\"canonical\" href=\"https:\/\/www.estetica-clinic.de\/ru\/klinika-krasoty\/chlenstvo\/\" \/>\n<meta property=\"og:locale\" content=\"ru_RU\" \/>\n<meta property=\"og:type\" content=\"article\" \/>\n<meta property=\"og:title\" content=\"\u0427\u041b\u0415\u041d\u0421\u0422\u0412\u041e - Sch\u00f6nheitsklinik Hamburg - ESTETICA Clinic\" \/>\n<meta property=\"og:description\" content=\"[vc_row row_type=&#187;row&#187; use_row_as_full_screen_section=&#187;no&#187; type=&#187;full_width&#187; angled_section=&#187;no&#187; text_align=&#187;left&#187; background_image_as_pattern=&#187;without_pattern&#187; css_animation=&#187;&#187;][vc_column][vc_column_text] Seitens der ESTETICA CLINIC bestehen Verbindungen zu folgenden Organisationen und Verb\u00e4nden: [\/vc_column_text][vc_empty_space][\/vc_column][\/vc_row][vc_row row_type=&#187;row&#187; use_row_as_full_screen_section=&#187;no&#187; type=&#187;full_width&#187; angled_section=&#187;no&#187; text_align=&#187;left&#187; background_image_as_pattern=&#187;without_pattern&#187; css_animation=&#187;&#187;][vc_column width=&#187;1\/3&#8243;][vc_column_text] Deutsche Gesellschaft f\u00fcr Mund-, Kiefer- und Gesichtschirurgie (MKG) [\/vc_column_text][vc_single_image image=&#187;16490&#8243; img_size=&#187;full&#187; qode_css_animation=&#187;element_from_fade&#187;][\/vc_column][vc_column width=&#187;1\/3&#8243;][vc_column_text] Deutsche Gesellschaft f\u00fcr Plastische-...\" \/>\n<meta property=\"og:url\" content=\"https:\/\/www.estetica-clinic.de\/ru\/klinika-krasoty\/chlenstvo\/\" \/>\n<meta property=\"og:site_name\" content=\"Sch\u00f6nheitsklinik Hamburg - ESTETICA Clinic\" \/>\n<meta property=\"article:modified_time\" content=\"2016-01-07T07:08:59+00:00\" \/>\n<meta name=\"twitter:card\" content=\"summary_large_image\" \/>\n<meta name=\"twitter:label1\" content=\"\u041f\u0440\u0438\u043c\u0435\u0440\u043d\u043e\u0435 \u0432\u0440\u0435\u043c\u044f \u0434\u043b\u044f \u0447\u0442\u0435\u043d\u0438\u044f\" \/>\n\t<meta name=\"twitter:data1\" content=\"2 \u043c\u0438\u043d\u0443\u0442\u044b\" \/>\n<script type=\"application\/ld+json\" class=\"yoast-schema-graph\">{\"@context\":\"https:\\\/\\\/schema.org\",\"@graph\":[{\"@type\":\"WebPage\",\"@id\":\"https:\\\/\\\/www.estetica-clinic.de\\\/ru\\\/klinika-krasoty\\\/chlenstvo\\\/\",\"url\":\"https:\\\/\\\/www.estetica-clinic.de\\\/ru\\\/klinika-krasoty\\\/chlenstvo\\\/\",\"name\":\"\u0427\u041b\u0415\u041d\u0421\u0422\u0412\u041e - Sch\u00f6nheitsklinik Hamburg - ESTETICA Clinic\",\"isPartOf\":{\"@id\":\"https:\\\/\\\/www.estetica-clinic.de\\\/en\\\/#website\"},\"datePublished\":\"2015-12-20T16:19:03+00:00\",\"dateModified\":\"2016-01-07T07:08:59+00:00\",\"breadcrumb\":{\"@id\":\"https:\\\/\\\/www.estetica-clinic.de\\\/ru\\\/klinika-krasoty\\\/chlenstvo\\\/#breadcrumb\"},\"inLanguage\":\"ru-RU\",\"potentialAction\":[{\"@type\":\"ReadAction\",\"target\":[\"https:\\\/\\\/www.estetica-clinic.de\\\/ru\\\/klinika-krasoty\\\/chlenstvo\\\/\"]}]},{\"@type\":\"BreadcrumbList\",\"@id\":\"https:\\\/\\\/www.estetica-clinic.de\\\/ru\\\/klinika-krasoty\\\/chlenstvo\\\/#breadcrumb\",\"itemListElement\":[{\"@type\":\"ListItem\",\"position\":1,\"name\":\"Startseite\",\"item\":\"https:\\\/\\\/www.estetica-clinic.de\\\/ru\\\/\"},{\"@type\":\"ListItem\",\"position\":2,\"name\":\"\u041a\u041b\u0418\u041d\u0418\u041a\u0410 \u00ab\u042d\u0421\u0422\u0415\u0422\u0418\u041a\u0410\u00bb \u041d\u0410 SPITALER HOF (\u00dcber uns)\",\"item\":\"https:\\\/\\\/www.estetica-clinic.de\\\/ru\\\/klinika-krasoty\\\/\"},{\"@type\":\"ListItem\",\"position\":3,\"name\":\"\u0427\u041b\u0415\u041d\u0421\u0422\u0412\u041e\"}]},{\"@type\":\"WebSite\",\"@id\":\"https:\\\/\\\/www.estetica-clinic.de\\\/en\\\/#website\",\"url\":\"https:\\\/\\\/www.estetica-clinic.de\\\/en\\\/\",\"name\":\"Sch\u00f6nheitsklinik Hamburg - ESTETICA Clinic\",\"description\":\"\",\"potentialAction\":[{\"@type\":\"SearchAction\",\"target\":{\"@type\":\"EntryPoint\",\"urlTemplate\":\"https:\\\/\\\/www.estetica-clinic.de\\\/en\\\/?s={search_term_string}\"},\"query-input\":{\"@type\":\"PropertyValueSpecification\",\"valueRequired\":true,\"valueName\":\"search_term_string\"}}],\"inLanguage\":\"ru-RU\"}]}<\/script>\n<!-- \/ Yoast SEO plugin. -->","yoast_head_json":{"title":"\u0427\u041b\u0415\u041d\u0421\u0422\u0412\u041e - Sch\u00f6nheitsklinik Hamburg - ESTETICA Clinic","robots":{"index":"index","follow":"follow","max-snippet":"max-snippet:-1","max-image-preview":"max-image-preview:large","max-video-preview":"max-video-preview:-1"},"canonical":"https:\/\/www.estetica-clinic.de\/ru\/klinika-krasoty\/chlenstvo\/","og_locale":"ru_RU","og_type":"article","og_title":"\u0427\u041b\u0415\u041d\u0421\u0422\u0412\u041e - Sch\u00f6nheitsklinik Hamburg - ESTETICA Clinic","og_description":"[vc_row row_type=&#187;row&#187; use_row_as_full_screen_section=&#187;no&#187; type=&#187;full_width&#187; angled_section=&#187;no&#187; text_align=&#187;left&#187; background_image_as_pattern=&#187;without_pattern&#187; css_animation=&#187;&#187;][vc_column][vc_column_text] Seitens der ESTETICA CLINIC bestehen Verbindungen zu folgenden Organisationen und Verb\u00e4nden: [\/vc_column_text][vc_empty_space][\/vc_column][\/vc_row][vc_row row_type=&#187;row&#187; use_row_as_full_screen_section=&#187;no&#187; type=&#187;full_width&#187; angled_section=&#187;no&#187; text_align=&#187;left&#187; background_image_as_pattern=&#187;without_pattern&#187; css_animation=&#187;&#187;][vc_column width=&#187;1\/3&#8243;][vc_column_text] Deutsche Gesellschaft f\u00fcr Mund-, Kiefer- und Gesichtschirurgie (MKG) [\/vc_column_text][vc_single_image image=&#187;16490&#8243; img_size=&#187;full&#187; qode_css_animation=&#187;element_from_fade&#187;][\/vc_column][vc_column width=&#187;1\/3&#8243;][vc_column_text] Deutsche Gesellschaft f\u00fcr Plastische-...","og_url":"https:\/\/www.estetica-clinic.de\/ru\/klinika-krasoty\/chlenstvo\/","og_site_name":"Sch\u00f6nheitsklinik Hamburg - ESTETICA Clinic","article_modified_time":"2016-01-07T07:08:59+00:00","twitter_card":"summary_large_image","twitter_misc":{"\u041f\u0440\u0438\u043c\u0435\u0440\u043d\u043e\u0435 \u0432\u0440\u0435\u043c\u044f \u0434\u043b\u044f \u0447\u0442\u0435\u043d\u0438\u044f":"2 \u043c\u0438\u043d\u0443\u0442\u044b"},"schema":{"@context":"https:\/\/schema.org","@graph":[{"@type":"WebPage","@id":"https:\/\/www.estetica-clinic.de\/ru\/klinika-krasoty\/chlenstvo\/","url":"https:\/\/www.estetica-clinic.de\/ru\/klinika-krasoty\/chlenstvo\/","name":"\u0427\u041b\u0415\u041d\u0421\u0422\u0412\u041e - Sch\u00f6nheitsklinik Hamburg - ESTETICA Clinic","isPartOf":{"@id":"https:\/\/www.estetica-clinic.de\/en\/#website"},"datePublished":"2015-12-20T16:19:03+00:00","dateModified":"2016-01-07T07:08:59+00:00","breadcrumb":{"@id":"https:\/\/www.estetica-clinic.de\/ru\/klinika-krasoty\/chlenstvo\/#breadcrumb"},"inLanguage":"ru-RU","potentialAction":[{"@type":"ReadAction","target":["https:\/\/www.estetica-clinic.de\/ru\/klinika-krasoty\/chlenstvo\/"]}]},{"@type":"BreadcrumbList","@id":"https:\/\/www.estetica-clinic.de\/ru\/klinika-krasoty\/chlenstvo\/#breadcrumb","itemListElement":[{"@type":"ListItem","position":1,"name":"Startseite","item":"https:\/\/www.estetica-clinic.de\/ru\/"},{"@type":"ListItem","position":2,"name":"\u041a\u041b\u0418\u041d\u0418\u041a\u0410 \u00ab\u042d\u0421\u0422\u0415\u0422\u0418\u041a\u0410\u00bb \u041d\u0410 SPITALER HOF (\u00dcber uns)","item":"https:\/\/www.estetica-clinic.de\/ru\/klinika-krasoty\/"},{"@type":"ListItem","position":3,"name":"\u0427\u041b\u0415\u041d\u0421\u0422\u0412\u041e"}]},{"@type":"WebSite","@id":"https:\/\/www.estetica-clinic.de\/en\/#website","url":"https:\/\/www.estetica-clinic.de\/en\/","name":"Sch\u00f6nheitsklinik Hamburg - ESTETICA Clinic","description":"","potentialAction":[{"@type":"SearchAction","target":{"@type":"EntryPoint","urlTemplate":"https:\/\/www.estetica-clinic.de\/en\/?s={search_term_string}"},"query-input":{"@type":"PropertyValueSpecification","valueRequired":true,"valueName":"search_term_string"}}],"inLanguage":"ru-RU"}]}},"_links":{"self":[{"href":"https:\/\/www.estetica-clinic.de\/ru\/wp-json\/wp\/v2\/pages\/16497","targetHints":{"allow":["GET"]}}],"collection":[{"href":"https:\/\/www.estetica-clinic.de\/ru\/wp-json\/wp\/v2\/pages"}],"about":[{"href":"https:\/\/www.estetica-clinic.de\/ru\/wp-json\/wp\/v2\/types\/page"}],"author":[{"embeddable":true,"href":"https:\/\/www.estetica-clinic.de\/ru\/wp-json\/wp\/v2\/users\/1"}],"replies":[{"embeddable":true,"href":"https:\/\/www.estetica-clinic.de\/ru\/wp-json\/wp\/v2\/comments?post=16497"}],"version-history":[{"count":0,"href":"https:\/\/www.estetica-clinic.de\/ru\/wp-json\/wp\/v2\/pages\/16497\/revisions"}],"up":[{"embeddable":true,"href":"https:\/\/www.estetica-clinic.de\/ru\/wp-json\/wp\/v2\/pages\/16470"}],"wp:attachment":[{"href":"https:\/\/www.estetica-clinic.de\/ru\/wp-json\/wp\/v2\/media?parent=16497"}],"curies":[{"name":"wp","href":"https:\/\/api.w.org\/{rel}","templated":true}]}}