{"id":16211,"date":"2015-12-17T18:47:34","date_gmt":"2015-12-17T18:47:34","guid":{"rendered":"https:\/\/www.estetica-clinic.de\/koerper\/?lang=ru"},"modified":"2016-04-05T04:44:23","modified_gmt":"2016-04-05T04:44:23","slug":"telo","status":"publish","type":"page","link":"https:\/\/www.estetica-clinic.de\/ru\/telo\/","title":{"rendered":"\u0422\u0415\u041b\u041e (K\u00f6rper)"},"content":{"rendered":"<p>[vc_row row_type=&#187;row&#187; use_row_as_full_screen_section=&#187;no&#187; type=&#187;full_width&#187; angled_section=&#187;no&#187; text_align=&#187;left&#187; background_image_as_pattern=&#187;without_pattern&#187; padding_bottom=&#187;20&#8243; css_animation=&#187;&#187;][vc_column][vc_column_text]<\/p>\n<h1 style=\"text-align: center;\">\u0422\u0415\u041b\u041e<\/h1>\n<p>[\/vc_column_text][\/vc_column][\/vc_row][vc_row row_type=&#187;row&#187; use_row_as_full_screen_section=&#187;no&#187; type=&#187;full_width&#187; angled_section=&#187;no&#187; text_align=&#187;left&#187; background_image_as_pattern=&#187;without_pattern&#187; css_animation=&#187;&#187;][vc_column width=&#187;1\/2&#8243;][vc_column_text]\u041e\u0449\u0443\u0449\u0435\u043d\u0438\u0435 \u043a\u0440\u0430\u0441\u043e\u0442\u044b \u0441\u043b\u0435\u0434\u0443\u0435\u0442 \u0437\u0430 \u0441\u0443\u0431\u044a\u0435\u043a\u0442\u0438\u0432\u043d\u044b\u043c \u0432\u043e\u0441\u043f\u0440\u0438\u044f\u0442\u0438\u0435\u043c. \u0415\u0441\u0442\u044c \u043b\u044e\u0434\u0438, \u043a\u043e\u0442\u043e\u0440\u044b\u0445 \u043c\u044b \u0432\u0438\u0434\u0438\u043c \u043a\u0440\u0430\u0441\u0438\u0432\u044b\u043c\u0438, \u0445\u043e\u0442\u044f \u043e\u043d\u0438 \u043d\u0435 \u0441\u043e\u043e\u0442\u0432\u0435\u0442\u0441\u0442\u0432\u0443\u044e\u0442 \u043a\u0430\u043a\u0438\u043c-\u043b\u0438\u0431\u043e \u0438\u0434\u0435\u0430\u043b\u0430\u043c \u043a\u0440\u0430\u0441\u043e\u0442\u044b. \u0422\u0430\u043a\u0438\u043c \u043e\u0431\u0440\u0430\u0437\u043e\u043c, \u0443 \u043a\u0430\u0436\u0434\u043e\u0433\u043e \u0447\u0435\u043b\u043e\u0432\u0435\u043a\u0430 \u0435\u0441\u0442\u044c \u0441\u043e\u0431\u0441\u0442\u0432\u0435\u043d\u043d\u043e\u0435 \u043e\u043f\u0440\u0435\u0434\u0435\u043b\u0435\u043d\u0438\u0435 \u043a\u0440\u0430\u0441\u043e\u0442\u044b \u2013 \u0432 \u0442\u043e\u043c \u0447\u0438\u0441\u043b\u0435 \u0438 \u0441\u0432\u043e\u0435\u0439 \u0441\u043e\u0431\u0441\u0442\u0432\u0435\u043d\u043d\u043e\u0439. \u0427\u0430\u0441\u0442\u043e \u0431\u044b\u0432\u0430\u0435\u0442, \u0447\u0442\u043e \u043c\u044b \u043d\u0435\u0434\u043e\u0432\u043e\u043b\u044c\u043d\u044b \u043e\u0434\u043d\u043e\u0439 \u0438\u043b\u0438 \u0434\u0440\u0443\u0433\u043e\u0439 \u0447\u0430\u0441\u0442\u044c\u044e \u0441\u0432\u043e\u0435\u0433\u043e \u0442\u0435\u043b\u0430. \u0412 \u044d\u0442\u043e\u0442 \u043c\u043e\u043c\u0435\u043d\u0442 \u043d\u0430\u0448\u0435 \u043b\u0438\u0447\u043d\u043e\u0435 \u0432\u043e\u0441\u043f\u0440\u0438\u044f\u0442\u0438\u0435 \u043c\u0435\u043d\u044f\u0435\u0442\u0441\u044f, \u043f\u043e\u0441\u043a\u043e\u043b\u044c\u043a\u0443 \u043c\u044b \u0447\u0443\u0432\u0441\u0442\u0432\u0443\u0435\u043c, \u0447\u0442\u043e \u044d\u0442\u0438 \u043c\u0435\u0441\u0442\u0430 \u0442\u0440\u0435\u0431\u0443\u044e\u0442 \u0438\u0437\u043c\u0435\u043d\u0435\u043d\u0438\u0439 \u0438\u043b\u0438 \u0443\u043b\u0443\u0447\u0448\u0435\u043d\u0438\u0439.[\/vc_column_text][\/vc_column][vc_column width=&#187;1\/2&#8243;][vc_column_text]Die ESTETICA CLINIC m\u00f6chte Ihnen dabei helfen, diese aus Ihrer Sicht unattraktiven Details an Ihrem K\u00f6rper operativ zu ver\u00e4ndern \u2013 zu versch\u00f6nern. Was wir Ihnen nicht bieten, ist Sch\u00f6nheit aus dem Katalog. Uns ist wichtig, dass sich jede Korrektur individuell in die Gesamtharmonie Ihres K\u00f6rpers einf\u00fcgt und zu Ihrem Typ passt.<\/p>\n<p>Deshalb sind f\u00fcr uns neben dem umfangreichen \u00e4rztlichen Fachwissen und der langj\u00e4hrigen Erfahrung im Bereich \u00e4sthetisch-plastische Chirurgie vor allem das Einf\u00fchlungsverm\u00f6gen und ein geschultes \u00e4sthetisches Empfinden ausschlaggebend f\u00fcr den Erfolg aller kosmetischen Eingriffe.[\/vc_column_text][\/vc_column][\/vc_row][vc_row row_type=&#187;row&#187; use_row_as_full_screen_section=&#187;no&#187; type=&#187;full_width&#187; angled_section=&#187;no&#187; text_align=&#187;left&#187; background_image_as_pattern=&#187;without_pattern&#187; css_animation=&#187;&#187;][vc_column width=&#187;1\/2&#8243;][vc_column_text][vc_row row_type=\"row\" use_row_as_full_screen_section=\"no\" type=\"full_width\" angled_section=\"no\" text_align=\"left\" background_image_as_pattern=\"without_pattern\" css_animation=\"\"][vc_column][vc_column_text]\r\n<h2 style=\"text-align: center;\">\u041a\u041e\u041d\u0422\u0410\u041a\u0422\u042b<\/h2>\r\n[\/vc_column_text][vc_single_image image=\"17049\" img_size=\"medium\" alignment=\"center\" style=\"vc_box_rounded\" qode_css_animation=\"element_from_fade\"][vc_column_text]\r\n<p class=\"font_8\" style=\"text-align: center;\"><strong>\u041a\u043b\u0438\u043d\u0438\u043a\u0430 \u042d\u0421\u0422\u0415\u0422\u0418\u041a\u0410 \u2013 \u0428\u043f\u0438\u0442\u0430\u043b\u0435\u0440 \u0425\u043e\u0444<\/strong>\r\n<strong>\u041a\u0443\u0440\u0446\u0435 \u041c\u044e\u0440\u0435\u043d 1<\/strong>\r\n<strong>20095 \u0413\u0430\u043c\u0431\u0443\u0440\u0433<\/strong><\/p>\r\n<p style=\"text-align: center;\"><strong>\u0422\u0435\u043b.: +49 40 - 40 18 58 58 <\/strong>\r\n<strong>\u0424\u0430\u043a\u0441: +49 40 - 40 18 58 57<\/strong><\/p>\r\n[\/vc_column_text][\/vc_column][\/vc_row][\/vc_column_text][\/vc_column][vc_column width=&#187;1\/2&#8243;][vc_column_text][vc_row css_animation=\"\" row_type=\"row\" use_row_as_full_screen_section=\"no\" type=\"full_width\" angled_section=\"no\" text_align=\"left\" background_image_as_pattern=\"without_pattern\"][vc_column][vc_column_text]\r\n<h3>Treten Sie mit uns in Kontakt<\/h3>\r\n[\/vc_column_text][\/vc_column][\/vc_row][vc_row css_animation=\"\" row_type=\"row\" use_row_as_full_screen_section=\"no\" type=\"full_width\" angled_section=\"no\" text_align=\"left\" background_image_as_pattern=\"without_pattern\"][vc_column][vc_column_text][psfb id=\"17195\" title=\"Mini-Kontaktformular (RU)\"][\/vc_column_text][vc_column_text]By sending data using this form you automatically agree to our privacy policy. The submitted data will be used for working on your certain request\/message. More information about that you can find at our <a href=\"https:\/\/www.estetica-clinic.de\/en\/contact\/privacy-policy\/\" target=\"_blank\" rel=\"noopener noreferrer\">Privacy Policy<\/a>.[\/vc_column_text][\/vc_column][\/vc_row][\/vc_column_text][\/vc_column][\/vc_row]<\/p>\n","protected":false},"excerpt":{"rendered":"<p>[vc_row row_type=&#187;row&#187; use_row_as_full_screen_section=&#187;no&#187; type=&#187;full_width&#187; angled_section=&#187;no&#187; text_align=&#187;left&#187; background_image_as_pattern=&#187;without_pattern&#187; padding_bottom=&#187;20&#8243; css_animation=&#187;&#187;][vc_column][vc_column_text] \u0422\u0415\u041b\u041e [\/vc_column_text][\/vc_column][\/vc_row][vc_row row_type=&#187;row&#187; use_row_as_full_screen_section=&#187;no&#187; type=&#187;full_width&#187; angled_section=&#187;no&#187; text_align=&#187;left&#187; background_image_as_pattern=&#187;without_pattern&#187; css_animation=&#187;&#187;][vc_column width=&#187;1\/2&#8243;][vc_column_text]\u041e\u0449\u0443\u0449\u0435\u043d\u0438\u0435 \u043a\u0440\u0430\u0441\u043e\u0442\u044b \u0441\u043b\u0435\u0434\u0443\u0435\u0442 \u0437\u0430 \u0441\u0443\u0431\u044a\u0435\u043a\u0442\u0438\u0432\u043d\u044b\u043c \u0432\u043e\u0441\u043f\u0440\u0438\u044f\u0442\u0438\u0435\u043c. \u0415\u0441\u0442\u044c \u043b\u044e\u0434\u0438, \u043a\u043e\u0442\u043e\u0440\u044b\u0445 \u043c\u044b \u0432\u0438\u0434\u0438\u043c \u043a\u0440\u0430\u0441\u0438\u0432\u044b\u043c\u0438, \u0445\u043e\u0442\u044f \u043e\u043d\u0438 \u043d\u0435 \u0441\u043e\u043e\u0442\u0432\u0435\u0442\u0441\u0442\u0432\u0443\u044e\u0442 \u043a\u0430\u043a\u0438\u043c-\u043b\u0438\u0431\u043e \u0438\u0434\u0435\u0430\u043b\u0430\u043c \u043a\u0440\u0430\u0441\u043e\u0442\u044b. \u0422\u0430\u043a\u0438\u043c \u043e\u0431\u0440\u0430\u0437\u043e\u043c, \u0443 \u043a\u0430\u0436\u0434\u043e\u0433\u043e \u0447\u0435\u043b\u043e\u0432\u0435\u043a\u0430 \u0435\u0441\u0442\u044c \u0441\u043e\u0431\u0441\u0442\u0432\u0435\u043d\u043d\u043e\u0435 \u043e\u043f\u0440\u0435\u0434\u0435\u043b\u0435\u043d\u0438\u0435&#8230;<\/p>\n","protected":false},"author":1,"featured_media":0,"parent":0,"menu_order":2,"comment_status":"closed","ping_status":"closed","template":"","meta":{"footnotes":""},"class_list":["post-16211","page","type-page","status-publish","hentry"],"yoast_head":"<!-- This site is optimized with the Yoast SEO plugin v27.5 - https:\/\/yoast.com\/product\/yoast-seo-wordpress\/ -->\n<title>\u0422\u0415\u041b\u041e (K\u00f6rper) - Sch\u00f6nheitsklinik Hamburg - ESTETICA Clinic<\/title>\n<meta name=\"robots\" content=\"index, follow, max-snippet:-1, max-image-preview:large, max-video-preview:-1\" \/>\n<link rel=\"canonical\" href=\"https:\/\/www.estetica-clinic.de\/ru\/telo\/\" \/>\n<meta property=\"og:locale\" content=\"ru_RU\" \/>\n<meta property=\"og:type\" content=\"article\" \/>\n<meta property=\"og:title\" content=\"\u0422\u0415\u041b\u041e (K\u00f6rper) - Sch\u00f6nheitsklinik Hamburg - ESTETICA Clinic\" \/>\n<meta property=\"og:description\" content=\"[vc_row row_type=&#187;row&#187; use_row_as_full_screen_section=&#187;no&#187; type=&#187;full_width&#187; angled_section=&#187;no&#187; text_align=&#187;left&#187; background_image_as_pattern=&#187;without_pattern&#187; padding_bottom=&#187;20&#8243; css_animation=&#187;&#187;][vc_column][vc_column_text] \u0422\u0415\u041b\u041e [\/vc_column_text][\/vc_column][\/vc_row][vc_row row_type=&#187;row&#187; use_row_as_full_screen_section=&#187;no&#187; type=&#187;full_width&#187; angled_section=&#187;no&#187; text_align=&#187;left&#187; background_image_as_pattern=&#187;without_pattern&#187; css_animation=&#187;&#187;][vc_column width=&#187;1\/2&#8243;][vc_column_text]\u041e\u0449\u0443\u0449\u0435\u043d\u0438\u0435 \u043a\u0440\u0430\u0441\u043e\u0442\u044b \u0441\u043b\u0435\u0434\u0443\u0435\u0442 \u0437\u0430 \u0441\u0443\u0431\u044a\u0435\u043a\u0442\u0438\u0432\u043d\u044b\u043c \u0432\u043e\u0441\u043f\u0440\u0438\u044f\u0442\u0438\u0435\u043c. \u0415\u0441\u0442\u044c \u043b\u044e\u0434\u0438, \u043a\u043e\u0442\u043e\u0440\u044b\u0445 \u043c\u044b \u0432\u0438\u0434\u0438\u043c \u043a\u0440\u0430\u0441\u0438\u0432\u044b\u043c\u0438, \u0445\u043e\u0442\u044f \u043e\u043d\u0438 \u043d\u0435 \u0441\u043e\u043e\u0442\u0432\u0435\u0442\u0441\u0442\u0432\u0443\u044e\u0442 \u043a\u0430\u043a\u0438\u043c-\u043b\u0438\u0431\u043e \u0438\u0434\u0435\u0430\u043b\u0430\u043c \u043a\u0440\u0430\u0441\u043e\u0442\u044b. \u0422\u0430\u043a\u0438\u043c \u043e\u0431\u0440\u0430\u0437\u043e\u043c, \u0443 \u043a\u0430\u0436\u0434\u043e\u0433\u043e \u0447\u0435\u043b\u043e\u0432\u0435\u043a\u0430 \u0435\u0441\u0442\u044c \u0441\u043e\u0431\u0441\u0442\u0432\u0435\u043d\u043d\u043e\u0435 \u043e\u043f\u0440\u0435\u0434\u0435\u043b\u0435\u043d\u0438\u0435...\" \/>\n<meta property=\"og:url\" content=\"https:\/\/www.estetica-clinic.de\/ru\/telo\/\" \/>\n<meta property=\"og:site_name\" content=\"Sch\u00f6nheitsklinik Hamburg - ESTETICA Clinic\" \/>\n<meta property=\"article:modified_time\" content=\"2016-04-05T04:44:23+00:00\" \/>\n<meta name=\"twitter:card\" content=\"summary_large_image\" \/>\n<meta name=\"twitter:label1\" content=\"\u041f\u0440\u0438\u043c\u0435\u0440\u043d\u043e\u0435 \u0432\u0440\u0435\u043c\u044f \u0434\u043b\u044f \u0447\u0442\u0435\u043d\u0438\u044f\" \/>\n\t<meta name=\"twitter:data1\" content=\"1 \u043c\u0438\u043d\u0443\u0442\u0430\" \/>\n<script type=\"application\/ld+json\" class=\"yoast-schema-graph\">{\"@context\":\"https:\\\/\\\/schema.org\",\"@graph\":[{\"@type\":\"WebPage\",\"@id\":\"https:\\\/\\\/www.estetica-clinic.de\\\/ru\\\/telo\\\/\",\"url\":\"https:\\\/\\\/www.estetica-clinic.de\\\/ru\\\/telo\\\/\",\"name\":\"\u0422\u0415\u041b\u041e (K\u00f6rper) - Sch\u00f6nheitsklinik Hamburg - ESTETICA Clinic\",\"isPartOf\":{\"@id\":\"https:\\\/\\\/www.estetica-clinic.de\\\/en\\\/#website\"},\"datePublished\":\"2015-12-17T18:47:34+00:00\",\"dateModified\":\"2016-04-05T04:44:23+00:00\",\"breadcrumb\":{\"@id\":\"https:\\\/\\\/www.estetica-clinic.de\\\/ru\\\/telo\\\/#breadcrumb\"},\"inLanguage\":\"ru-RU\",\"potentialAction\":[{\"@type\":\"ReadAction\",\"target\":[\"https:\\\/\\\/www.estetica-clinic.de\\\/ru\\\/telo\\\/\"]}]},{\"@type\":\"BreadcrumbList\",\"@id\":\"https:\\\/\\\/www.estetica-clinic.de\\\/ru\\\/telo\\\/#breadcrumb\",\"itemListElement\":[{\"@type\":\"ListItem\",\"position\":1,\"name\":\"Startseite\",\"item\":\"https:\\\/\\\/www.estetica-clinic.de\\\/ru\\\/\"},{\"@type\":\"ListItem\",\"position\":2,\"name\":\"\u0422\u0415\u041b\u041e (K\u00f6rper)\"}]},{\"@type\":\"WebSite\",\"@id\":\"https:\\\/\\\/www.estetica-clinic.de\\\/en\\\/#website\",\"url\":\"https:\\\/\\\/www.estetica-clinic.de\\\/en\\\/\",\"name\":\"Sch\u00f6nheitsklinik Hamburg - ESTETICA Clinic\",\"description\":\"\",\"potentialAction\":[{\"@type\":\"SearchAction\",\"target\":{\"@type\":\"EntryPoint\",\"urlTemplate\":\"https:\\\/\\\/www.estetica-clinic.de\\\/en\\\/?s={search_term_string}\"},\"query-input\":{\"@type\":\"PropertyValueSpecification\",\"valueRequired\":true,\"valueName\":\"search_term_string\"}}],\"inLanguage\":\"ru-RU\"}]}<\/script>\n<!-- \/ Yoast SEO plugin. -->","yoast_head_json":{"title":"\u0422\u0415\u041b\u041e (K\u00f6rper) - Sch\u00f6nheitsklinik Hamburg - ESTETICA Clinic","robots":{"index":"index","follow":"follow","max-snippet":"max-snippet:-1","max-image-preview":"max-image-preview:large","max-video-preview":"max-video-preview:-1"},"canonical":"https:\/\/www.estetica-clinic.de\/ru\/telo\/","og_locale":"ru_RU","og_type":"article","og_title":"\u0422\u0415\u041b\u041e (K\u00f6rper) - Sch\u00f6nheitsklinik Hamburg - ESTETICA Clinic","og_description":"[vc_row row_type=&#187;row&#187; use_row_as_full_screen_section=&#187;no&#187; type=&#187;full_width&#187; angled_section=&#187;no&#187; text_align=&#187;left&#187; background_image_as_pattern=&#187;without_pattern&#187; padding_bottom=&#187;20&#8243; css_animation=&#187;&#187;][vc_column][vc_column_text] \u0422\u0415\u041b\u041e [\/vc_column_text][\/vc_column][\/vc_row][vc_row row_type=&#187;row&#187; use_row_as_full_screen_section=&#187;no&#187; type=&#187;full_width&#187; angled_section=&#187;no&#187; text_align=&#187;left&#187; background_image_as_pattern=&#187;without_pattern&#187; css_animation=&#187;&#187;][vc_column width=&#187;1\/2&#8243;][vc_column_text]\u041e\u0449\u0443\u0449\u0435\u043d\u0438\u0435 \u043a\u0440\u0430\u0441\u043e\u0442\u044b \u0441\u043b\u0435\u0434\u0443\u0435\u0442 \u0437\u0430 \u0441\u0443\u0431\u044a\u0435\u043a\u0442\u0438\u0432\u043d\u044b\u043c \u0432\u043e\u0441\u043f\u0440\u0438\u044f\u0442\u0438\u0435\u043c. \u0415\u0441\u0442\u044c \u043b\u044e\u0434\u0438, \u043a\u043e\u0442\u043e\u0440\u044b\u0445 \u043c\u044b \u0432\u0438\u0434\u0438\u043c \u043a\u0440\u0430\u0441\u0438\u0432\u044b\u043c\u0438, \u0445\u043e\u0442\u044f \u043e\u043d\u0438 \u043d\u0435 \u0441\u043e\u043e\u0442\u0432\u0435\u0442\u0441\u0442\u0432\u0443\u044e\u0442 \u043a\u0430\u043a\u0438\u043c-\u043b\u0438\u0431\u043e \u0438\u0434\u0435\u0430\u043b\u0430\u043c \u043a\u0440\u0430\u0441\u043e\u0442\u044b. \u0422\u0430\u043a\u0438\u043c \u043e\u0431\u0440\u0430\u0437\u043e\u043c, \u0443 \u043a\u0430\u0436\u0434\u043e\u0433\u043e \u0447\u0435\u043b\u043e\u0432\u0435\u043a\u0430 \u0435\u0441\u0442\u044c \u0441\u043e\u0431\u0441\u0442\u0432\u0435\u043d\u043d\u043e\u0435 \u043e\u043f\u0440\u0435\u0434\u0435\u043b\u0435\u043d\u0438\u0435...","og_url":"https:\/\/www.estetica-clinic.de\/ru\/telo\/","og_site_name":"Sch\u00f6nheitsklinik Hamburg - ESTETICA Clinic","article_modified_time":"2016-04-05T04:44:23+00:00","twitter_card":"summary_large_image","twitter_misc":{"\u041f\u0440\u0438\u043c\u0435\u0440\u043d\u043e\u0435 \u0432\u0440\u0435\u043c\u044f \u0434\u043b\u044f \u0447\u0442\u0435\u043d\u0438\u044f":"1 \u043c\u0438\u043d\u0443\u0442\u0430"},"schema":{"@context":"https:\/\/schema.org","@graph":[{"@type":"WebPage","@id":"https:\/\/www.estetica-clinic.de\/ru\/telo\/","url":"https:\/\/www.estetica-clinic.de\/ru\/telo\/","name":"\u0422\u0415\u041b\u041e (K\u00f6rper) - Sch\u00f6nheitsklinik Hamburg - ESTETICA Clinic","isPartOf":{"@id":"https:\/\/www.estetica-clinic.de\/en\/#website"},"datePublished":"2015-12-17T18:47:34+00:00","dateModified":"2016-04-05T04:44:23+00:00","breadcrumb":{"@id":"https:\/\/www.estetica-clinic.de\/ru\/telo\/#breadcrumb"},"inLanguage":"ru-RU","potentialAction":[{"@type":"ReadAction","target":["https:\/\/www.estetica-clinic.de\/ru\/telo\/"]}]},{"@type":"BreadcrumbList","@id":"https:\/\/www.estetica-clinic.de\/ru\/telo\/#breadcrumb","itemListElement":[{"@type":"ListItem","position":1,"name":"Startseite","item":"https:\/\/www.estetica-clinic.de\/ru\/"},{"@type":"ListItem","position":2,"name":"\u0422\u0415\u041b\u041e (K\u00f6rper)"}]},{"@type":"WebSite","@id":"https:\/\/www.estetica-clinic.de\/en\/#website","url":"https:\/\/www.estetica-clinic.de\/en\/","name":"Sch\u00f6nheitsklinik Hamburg - ESTETICA Clinic","description":"","potentialAction":[{"@type":"SearchAction","target":{"@type":"EntryPoint","urlTemplate":"https:\/\/www.estetica-clinic.de\/en\/?s={search_term_string}"},"query-input":{"@type":"PropertyValueSpecification","valueRequired":true,"valueName":"search_term_string"}}],"inLanguage":"ru-RU"}]}},"_links":{"self":[{"href":"https:\/\/www.estetica-clinic.de\/ru\/wp-json\/wp\/v2\/pages\/16211","targetHints":{"allow":["GET"]}}],"collection":[{"href":"https:\/\/www.estetica-clinic.de\/ru\/wp-json\/wp\/v2\/pages"}],"about":[{"href":"https:\/\/www.estetica-clinic.de\/ru\/wp-json\/wp\/v2\/types\/page"}],"author":[{"embeddable":true,"href":"https:\/\/www.estetica-clinic.de\/ru\/wp-json\/wp\/v2\/users\/1"}],"replies":[{"embeddable":true,"href":"https:\/\/www.estetica-clinic.de\/ru\/wp-json\/wp\/v2\/comments?post=16211"}],"version-history":[{"count":0,"href":"https:\/\/www.estetica-clinic.de\/ru\/wp-json\/wp\/v2\/pages\/16211\/revisions"}],"wp:attachment":[{"href":"https:\/\/www.estetica-clinic.de\/ru\/wp-json\/wp\/v2\/media?parent=16211"}],"curies":[{"name":"wp","href":"https:\/\/api.w.org\/{rel}","templated":true}]}}