{"id":17191,"date":"2016-03-02T16:18:24","date_gmt":"2016-03-02T16:18:24","guid":{"rendered":"https:\/\/www.estetica-clinic.de\/plastic-surgery-hamburg\/das-team-der-estetica-clinic\/?lang=en"},"modified":"2026-03-31T09:09:06","modified_gmt":"2026-03-31T09:09:06","slug":"the-team","status":"publish","type":"page","link":"https:\/\/www.estetica-clinic.de\/en\/plastic-surgery-hamburg\/the-team\/","title":{"rendered":"The Team"},"content":{"rendered":"<p>[vc_row css_animation=&#8221;&#8221; row_type=&#8221;row&#8221; use_row_as_full_screen_section=&#8221;no&#8221; type=&#8221;full_width&#8221; angled_section=&#8221;no&#8221; text_align=&#8221;left&#8221; background_image_as_pattern=&#8221;without_pattern&#8221;][vc_column][vc_column_text]<\/p>\n<h1 style=\"text-align: center;\">The Team<\/h1>\n<p>[\/vc_column_text][\/vc_column][\/vc_row][vc_row css_animation=&#8221;&#8221; row_type=&#8221;row&#8221; use_row_as_full_screen_section=&#8221;no&#8221; type=&#8221;full_width&#8221; angled_section=&#8221;no&#8221; text_align=&#8221;left&#8221; background_image_as_pattern=&#8221;without_pattern&#8221;][vc_column][vc_column_text]he ESTETICA CLINIC surgical team is composed of renowned specialists with many years of experience.[\/vc_column_text][vc_separator type=&#8221;transparent&#8221; up=&#8221;10&#8243; down=&#8221;10&#8243;][\/vc_column][\/vc_row][vc_row css_animation=&#8221;&#8221; row_type=&#8221;row&#8221; use_row_as_full_screen_section=&#8221;no&#8221; type=&#8221;full_width&#8221; angled_section=&#8221;no&#8221; text_align=&#8221;left&#8221; background_image_as_pattern=&#8221;without_pattern&#8221;][vc_column width=&#8221;1\/4&#8243;][vc_single_image image=&#8221;19604&#8243; img_size=&#8221;large&#8221; qode_css_animation=&#8221;&#8221;][\/vc_column][vc_column width=&#8221;3\/4&#8243;][vc_column_text]<\/p>\n<h3 style=\"text-align: left;\">PROF. UNI (HAYBUSAK).\u00a0MD. DDS. (GUS)\u00a0GEORGE KHOURY<\/h3>\n<p>[\/vc_column_text][vc_column_text]Prof. (Haybusak). MD. DDS. (GUS) George KHOURY studied medicine at the University of Hamburg and dentistry at the University of Yerevan in Armenia.<br \/>\nFrom 1993 to 1999, he worked at the University Medical Centre Hamburg-Eppendorf (UKE) in the Department of Oral and Maxillofacial Surgery (OMS)\/Plastic and Reconstructive Surgery.<\/p>\n<p>Between 1999 and 2001, he worked at the Bundeswehr Hospital (BWK) in Hamburg<br \/>\nin the Department of Oral and Maxillofacial Surgery\/Plastic and Reconstructive Surgery. He subsequently furthered his expertise at the University of Birmingham, Alabama (USA), in the Department of Plastic Surgery through various aesthetic and reconstructive operations.<\/p>\n<p>In 1997, he completed his habilitation at Yerevan State Medical University (Armenia). The histological examinations were carried out in the Department of Pathology under Prof. Dr Donath at the University Medical Centre Hamburg-Eppendorf.<\/p>\n<p>Since 2002, Prof. Uni (Haybusak). MD. DDS. (GUS) KHOURY has held a professorship at Yerevan State University in Armenia \u2013 in the Department of Oral and Maxillofacial Surgery\/Plastic and Reconstructive Surgery.<\/p>\n<p>In 2000, he founded his own <a href=\"https:\/\/www.mkg-hamburg-zentrum.de\/\" target=\"_blank\" rel=\"noopener\">practice for oral and maxillofacial surgery<\/a> and the Estetica Clinic for Aesthetic and Reconstructive Surgery at the Spitaler Hof in the centre of Hamburg. He runs both businesses as founder and chief consultant.<\/p>\n<p>He speaks the following languages: German, English, Arabic, Armenian, Russian.[\/vc_column_text][vc_separator type=&#8221;normal&#8221; color=&#8221;#ffffff&#8221; thickness=&#8221;20&#8243;][\/vc_column][\/vc_row][vc_row css_animation=&#8221;&#8221; row_type=&#8221;row&#8221; use_row_as_full_screen_section=&#8221;no&#8221; type=&#8221;full_width&#8221; angled_section=&#8221;no&#8221; text_align=&#8221;left&#8221; background_image_as_pattern=&#8221;without_pattern&#8221;][vc_column width=&#8221;1\/4&#8243;][vc_single_image image=&#8221;17036&#8243; img_size=&#8221;medium&#8221; alignment=&#8221;center&#8221; style=&#8221;vc_box_rounded&#8221; qode_css_animation=&#8221;&#8221; css=&#8221;.vc_custom_1456938249414{margin-top: 20px !important;}&#8221;][\/vc_column][vc_column width=&#8221;3\/4&#8243;][vc_column_text]<\/p>\n<h2>DIPL.-ING. HANAN KHOURY<\/h2>\n<p>[\/vc_column_text][vc_column_text]<\/p>\n<p class=\"content_norm_text\">Frau Khoury, die Schwester von Prof. Uni (Haybusak). MD. DDS. (GUS)\u00a0 George KHOURY, ist Leiterin der Beauty-Lounge. Sie verf\u00fcgt \u00fcber langj\u00e4hrige Erfahrung im Bereich der medizinischen Kosmetik. Sie ist ausgebildete Visagistin und hat sich zudem in den Bereichen dauerhafte Haarentfernung, medizinische Kosmetik und Beauty Pigmentierung mit der Konture Make-up Methode fortgebildet.<\/p>\n<p>[\/vc_column_text][vc_separator type=&#8221;normal&#8221; color=&#8221;#ffffff&#8221; thickness=&#8221;20&#8243;][\/vc_column][\/vc_row]<\/p>\n","protected":false},"excerpt":{"rendered":"<p>[vc_row css_animation=&#8221;&#8221; row_type=&#8221;row&#8221; use_row_as_full_screen_section=&#8221;no&#8221; type=&#8221;full_width&#8221; angled_section=&#8221;no&#8221; text_align=&#8221;left&#8221; background_image_as_pattern=&#8221;without_pattern&#8221;][vc_column][vc_column_text] The Team [\/vc_column_text][\/vc_column][\/vc_row][vc_row css_animation=&#8221;&#8221; row_type=&#8221;row&#8221; use_row_as_full_screen_section=&#8221;no&#8221; type=&#8221;full_width&#8221; angled_section=&#8221;no&#8221; text_align=&#8221;left&#8221; background_image_as_pattern=&#8221;without_pattern&#8221;][vc_column][vc_column_text]he ESTETICA CLINIC surgical team is composed of renowned specialists with many years of experience.[\/vc_column_text][vc_separator type=&#8221;transparent&#8221; up=&#8221;10&#8243; down=&#8221;10&#8243;][\/vc_column][\/vc_row][vc_row css_animation=&#8221;&#8221; row_type=&#8221;row&#8221; use_row_as_full_screen_section=&#8221;no&#8221; type=&#8221;full_width&#8221; angled_section=&#8221;no&#8221; text_align=&#8221;left&#8221; background_image_as_pattern=&#8221;without_pattern&#8221;][vc_column width=&#8221;1\/4&#8243;][vc_single_image image=&#8221;19604&#8243; img_size=&#8221;large&#8221;&#8230;<\/p>\n","protected":false},"author":1,"featured_media":0,"parent":16469,"menu_order":0,"comment_status":"closed","ping_status":"closed","template":"","meta":{"footnotes":""},"class_list":["post-17191","page","type-page","status-publish","hentry"],"yoast_head":"<!-- This site is optimized with the Yoast SEO plugin v27.5 - https:\/\/yoast.com\/product\/yoast-seo-wordpress\/ -->\n<title>The Team - Sch\u00f6nheitsklinik Hamburg - ESTETICA Clinic<\/title>\n<meta name=\"robots\" content=\"index, follow, max-snippet:-1, max-image-preview:large, max-video-preview:-1\" \/>\n<link rel=\"canonical\" href=\"https:\/\/www.estetica-clinic.de\/en\/plastic-surgery-hamburg\/the-team\/\" \/>\n<meta property=\"og:locale\" content=\"en_US\" \/>\n<meta property=\"og:type\" content=\"article\" \/>\n<meta property=\"og:title\" content=\"The Team - Sch\u00f6nheitsklinik Hamburg - ESTETICA Clinic\" \/>\n<meta property=\"og:description\" content=\"[vc_row css_animation=&#8221;&#8221; row_type=&#8221;row&#8221; use_row_as_full_screen_section=&#8221;no&#8221; type=&#8221;full_width&#8221; angled_section=&#8221;no&#8221; text_align=&#8221;left&#8221; background_image_as_pattern=&#8221;without_pattern&#8221;][vc_column][vc_column_text] The Team [\/vc_column_text][\/vc_column][\/vc_row][vc_row css_animation=&#8221;&#8221; row_type=&#8221;row&#8221; use_row_as_full_screen_section=&#8221;no&#8221; type=&#8221;full_width&#8221; angled_section=&#8221;no&#8221; text_align=&#8221;left&#8221; background_image_as_pattern=&#8221;without_pattern&#8221;][vc_column][vc_column_text]he ESTETICA CLINIC surgical team is composed of renowned specialists with many years of experience.[\/vc_column_text][vc_separator type=&#8221;transparent&#8221; up=&#8221;10&#8243; down=&#8221;10&#8243;][\/vc_column][\/vc_row][vc_row css_animation=&#8221;&#8221; row_type=&#8221;row&#8221; use_row_as_full_screen_section=&#8221;no&#8221; type=&#8221;full_width&#8221; angled_section=&#8221;no&#8221; text_align=&#8221;left&#8221; background_image_as_pattern=&#8221;without_pattern&#8221;][vc_column width=&#8221;1\/4&#8243;][vc_single_image image=&#8221;19604&#8243; img_size=&#8221;large&#8221;...\" \/>\n<meta property=\"og:url\" content=\"https:\/\/www.estetica-clinic.de\/en\/plastic-surgery-hamburg\/the-team\/\" \/>\n<meta property=\"og:site_name\" content=\"Sch\u00f6nheitsklinik Hamburg - ESTETICA Clinic\" \/>\n<meta property=\"article:modified_time\" content=\"2026-03-31T09:09:06+00:00\" \/>\n<meta name=\"twitter:card\" content=\"summary_large_image\" \/>\n<meta name=\"twitter:label1\" content=\"Est. reading time\" \/>\n\t<meta name=\"twitter:data1\" content=\"3 minutes\" \/>\n<script type=\"application\/ld+json\" class=\"yoast-schema-graph\">{\"@context\":\"https:\\\/\\\/schema.org\",\"@graph\":[{\"@type\":\"WebPage\",\"@id\":\"https:\\\/\\\/www.estetica-clinic.de\\\/en\\\/plastic-surgery-hamburg\\\/the-team\\\/\",\"url\":\"https:\\\/\\\/www.estetica-clinic.de\\\/en\\\/plastic-surgery-hamburg\\\/the-team\\\/\",\"name\":\"The Team - Sch\u00f6nheitsklinik Hamburg - ESTETICA Clinic\",\"isPartOf\":{\"@id\":\"https:\\\/\\\/www.estetica-clinic.de\\\/en\\\/#website\"},\"datePublished\":\"2016-03-02T16:18:24+00:00\",\"dateModified\":\"2026-03-31T09:09:06+00:00\",\"breadcrumb\":{\"@id\":\"https:\\\/\\\/www.estetica-clinic.de\\\/en\\\/plastic-surgery-hamburg\\\/the-team\\\/#breadcrumb\"},\"inLanguage\":\"en-US\",\"potentialAction\":[{\"@type\":\"ReadAction\",\"target\":[\"https:\\\/\\\/www.estetica-clinic.de\\\/en\\\/plastic-surgery-hamburg\\\/the-team\\\/\"]}]},{\"@type\":\"BreadcrumbList\",\"@id\":\"https:\\\/\\\/www.estetica-clinic.de\\\/en\\\/plastic-surgery-hamburg\\\/the-team\\\/#breadcrumb\",\"itemListElement\":[{\"@type\":\"ListItem\",\"position\":1,\"name\":\"Startseite\",\"item\":\"https:\\\/\\\/www.estetica-clinic.de\\\/en\\\/\"},{\"@type\":\"ListItem\",\"position\":2,\"name\":\"About the clinic\",\"item\":\"https:\\\/\\\/www.estetica-clinic.de\\\/en\\\/plastic-surgery-hamburg\\\/\"},{\"@type\":\"ListItem\",\"position\":3,\"name\":\"The Team\"}]},{\"@type\":\"WebSite\",\"@id\":\"https:\\\/\\\/www.estetica-clinic.de\\\/en\\\/#website\",\"url\":\"https:\\\/\\\/www.estetica-clinic.de\\\/en\\\/\",\"name\":\"Sch\u00f6nheitsklinik Hamburg - ESTETICA Clinic\",\"description\":\"\",\"potentialAction\":[{\"@type\":\"SearchAction\",\"target\":{\"@type\":\"EntryPoint\",\"urlTemplate\":\"https:\\\/\\\/www.estetica-clinic.de\\\/en\\\/?s={search_term_string}\"},\"query-input\":{\"@type\":\"PropertyValueSpecification\",\"valueRequired\":true,\"valueName\":\"search_term_string\"}}],\"inLanguage\":\"en-US\"}]}<\/script>\n<!-- \/ Yoast SEO plugin. -->","yoast_head_json":{"title":"The Team - Sch\u00f6nheitsklinik Hamburg - ESTETICA Clinic","robots":{"index":"index","follow":"follow","max-snippet":"max-snippet:-1","max-image-preview":"max-image-preview:large","max-video-preview":"max-video-preview:-1"},"canonical":"https:\/\/www.estetica-clinic.de\/en\/plastic-surgery-hamburg\/the-team\/","og_locale":"en_US","og_type":"article","og_title":"The Team - Sch\u00f6nheitsklinik Hamburg - ESTETICA Clinic","og_description":"[vc_row css_animation=&#8221;&#8221; row_type=&#8221;row&#8221; use_row_as_full_screen_section=&#8221;no&#8221; type=&#8221;full_width&#8221; angled_section=&#8221;no&#8221; text_align=&#8221;left&#8221; background_image_as_pattern=&#8221;without_pattern&#8221;][vc_column][vc_column_text] The Team [\/vc_column_text][\/vc_column][\/vc_row][vc_row css_animation=&#8221;&#8221; row_type=&#8221;row&#8221; use_row_as_full_screen_section=&#8221;no&#8221; type=&#8221;full_width&#8221; angled_section=&#8221;no&#8221; text_align=&#8221;left&#8221; background_image_as_pattern=&#8221;without_pattern&#8221;][vc_column][vc_column_text]he ESTETICA CLINIC surgical team is composed of renowned specialists with many years of experience.[\/vc_column_text][vc_separator type=&#8221;transparent&#8221; up=&#8221;10&#8243; down=&#8221;10&#8243;][\/vc_column][\/vc_row][vc_row css_animation=&#8221;&#8221; row_type=&#8221;row&#8221; use_row_as_full_screen_section=&#8221;no&#8221; type=&#8221;full_width&#8221; angled_section=&#8221;no&#8221; text_align=&#8221;left&#8221; background_image_as_pattern=&#8221;without_pattern&#8221;][vc_column width=&#8221;1\/4&#8243;][vc_single_image image=&#8221;19604&#8243; img_size=&#8221;large&#8221;...","og_url":"https:\/\/www.estetica-clinic.de\/en\/plastic-surgery-hamburg\/the-team\/","og_site_name":"Sch\u00f6nheitsklinik Hamburg - ESTETICA Clinic","article_modified_time":"2026-03-31T09:09:06+00:00","twitter_card":"summary_large_image","twitter_misc":{"Est. reading time":"3 minutes"},"schema":{"@context":"https:\/\/schema.org","@graph":[{"@type":"WebPage","@id":"https:\/\/www.estetica-clinic.de\/en\/plastic-surgery-hamburg\/the-team\/","url":"https:\/\/www.estetica-clinic.de\/en\/plastic-surgery-hamburg\/the-team\/","name":"The Team - Sch\u00f6nheitsklinik Hamburg - ESTETICA Clinic","isPartOf":{"@id":"https:\/\/www.estetica-clinic.de\/en\/#website"},"datePublished":"2016-03-02T16:18:24+00:00","dateModified":"2026-03-31T09:09:06+00:00","breadcrumb":{"@id":"https:\/\/www.estetica-clinic.de\/en\/plastic-surgery-hamburg\/the-team\/#breadcrumb"},"inLanguage":"en-US","potentialAction":[{"@type":"ReadAction","target":["https:\/\/www.estetica-clinic.de\/en\/plastic-surgery-hamburg\/the-team\/"]}]},{"@type":"BreadcrumbList","@id":"https:\/\/www.estetica-clinic.de\/en\/plastic-surgery-hamburg\/the-team\/#breadcrumb","itemListElement":[{"@type":"ListItem","position":1,"name":"Startseite","item":"https:\/\/www.estetica-clinic.de\/en\/"},{"@type":"ListItem","position":2,"name":"About the clinic","item":"https:\/\/www.estetica-clinic.de\/en\/plastic-surgery-hamburg\/"},{"@type":"ListItem","position":3,"name":"The Team"}]},{"@type":"WebSite","@id":"https:\/\/www.estetica-clinic.de\/en\/#website","url":"https:\/\/www.estetica-clinic.de\/en\/","name":"Sch\u00f6nheitsklinik Hamburg - ESTETICA Clinic","description":"","potentialAction":[{"@type":"SearchAction","target":{"@type":"EntryPoint","urlTemplate":"https:\/\/www.estetica-clinic.de\/en\/?s={search_term_string}"},"query-input":{"@type":"PropertyValueSpecification","valueRequired":true,"valueName":"search_term_string"}}],"inLanguage":"en-US"}]}},"_links":{"self":[{"href":"https:\/\/www.estetica-clinic.de\/en\/wp-json\/wp\/v2\/pages\/17191","targetHints":{"allow":["GET"]}}],"collection":[{"href":"https:\/\/www.estetica-clinic.de\/en\/wp-json\/wp\/v2\/pages"}],"about":[{"href":"https:\/\/www.estetica-clinic.de\/en\/wp-json\/wp\/v2\/types\/page"}],"author":[{"embeddable":true,"href":"https:\/\/www.estetica-clinic.de\/en\/wp-json\/wp\/v2\/users\/1"}],"replies":[{"embeddable":true,"href":"https:\/\/www.estetica-clinic.de\/en\/wp-json\/wp\/v2\/comments?post=17191"}],"version-history":[{"count":0,"href":"https:\/\/www.estetica-clinic.de\/en\/wp-json\/wp\/v2\/pages\/17191\/revisions"}],"up":[{"embeddable":true,"href":"https:\/\/www.estetica-clinic.de\/en\/wp-json\/wp\/v2\/pages\/16469"}],"wp:attachment":[{"href":"https:\/\/www.estetica-clinic.de\/en\/wp-json\/wp\/v2\/media?parent=17191"}],"curies":[{"name":"wp","href":"https:\/\/api.w.org\/{rel}","templated":true}]}}