{"id":16496,"date":"2015-12-20T16:19:03","date_gmt":"2015-12-20T16:19:03","guid":{"rendered":"https:\/\/www.estetica-clinic.de\/schoenheitsklinik-hamburg\/mitgliedschaften\/?lang=en"},"modified":"2016-04-04T15:20:09","modified_gmt":"2016-04-04T15:20:09","slug":"memberships","status":"publish","type":"page","link":"https:\/\/www.estetica-clinic.de\/en\/plastic-surgery-hamburg\/memberships\/","title":{"rendered":"Memberships"},"content":{"rendered":"<p>[vc_row row_type=&#8221;row&#8221; use_row_as_full_screen_section=&#8221;no&#8221; type=&#8221;full_width&#8221; angled_section=&#8221;no&#8221; text_align=&#8221;left&#8221; background_image_as_pattern=&#8221;without_pattern&#8221; css_animation=&#8221;&#8221;][vc_column][vc_column_text]<\/p>\n<h1 style=\"text-align: center;\">Memberships<\/h1>\n<p>[\/vc_column_text][vc_column_text]<\/p>\n<h2 style=\"text-align: center;\">Our physicians are members of various organisations and associations, such as:<\/h2>\n<p>[\/vc_column_text][vc_empty_space][\/vc_column][\/vc_row][vc_row row_type=&#8221;row&#8221; use_row_as_full_screen_section=&#8221;no&#8221; type=&#8221;full_width&#8221; angled_section=&#8221;no&#8221; text_align=&#8221;left&#8221; background_image_as_pattern=&#8221;without_pattern&#8221; css_animation=&#8221;&#8221;][vc_column width=&#8221;1\/3&#8243;][vc_column_text]<\/p>\n<p style=\"text-align: center;\"><a class=\"extra\" href=\"http:\/\/www.mkg-chirurgie.de\/\" target=\"_blank\">Deutsche Gesellschaft f\u00fcr Mund-, Kiefer- und Gesichtschirurgie (MKG)<\/a><\/p>\n<p>[\/vc_column_text][vc_single_image image=&#8221;16984&#8243; img_size=&#8221;full&#8221; qode_css_animation=&#8221;element_from_fade&#8221;][\/vc_column][vc_column width=&#8221;1\/3&#8243;][vc_column_text]<\/p>\n<p style=\"text-align: center;\"><a class=\"extra\" href=\"http:\/\/www.dgpw.de\" target=\"_blank\">Deutsche Gesellschaft f\u00fcr Plastische- und Wiederherstellungschirurgie (DGPW)<\/a><\/p>\n<p>[\/vc_column_text][vc_single_image image=&#8221;16996&#8243; img_size=&#8221;full&#8221; qode_css_animation=&#8221;element_from_fade&#8221;][\/vc_column][vc_column width=&#8221;1\/3&#8243;][vc_column_text]<\/p>\n<p style=\"text-align: center;\"><a class=\"extra\" href=\"http:\/\/www.igaem-online.de\/\" target=\"_blank\">Internationale Gesellschaft f\u00fcr \u00e4sthetische Medizin (IG\u00c4M)<\/a><\/p>\n<p>[\/vc_column_text][vc_single_image image=&#8221;16987&#8243; img_size=&#8221;full&#8221; alignment=&#8221;center&#8221; qode_css_animation=&#8221;element_from_fade&#8221;][\/vc_column][\/vc_row][vc_row row_type=&#8221;row&#8221; use_row_as_full_screen_section=&#8221;no&#8221; type=&#8221;full_width&#8221; angled_section=&#8221;no&#8221; text_align=&#8221;left&#8221; background_image_as_pattern=&#8221;without_pattern&#8221; css_animation=&#8221;&#8221;][vc_column width=&#8221;1\/3&#8243;][vc_column_text]<\/p>\n<p style=\"text-align: center;\"><a class=\"extra\" href=\"http:\/\/www.dgaez.de\/\" target=\"_blank\">Deutsche Gesellschaft f\u00fcr \u00e4sthetische Zahnheilkunde e.V. (DG\u00c4Z)<\/a><\/p>\n<p>[\/vc_column_text][vc_single_image image=&#8221;16993&#8243; img_size=&#8221;full&#8221; qode_css_animation=&#8221;element_from_fade&#8221;][\/vc_column][vc_column width=&#8221;1\/3&#8243;][vc_column_text]<\/p>\n<p style=\"text-align: center;\"><a class=\"extra\" href=\"http:\/\/www.dgkz.com\/\" target=\"_blank\">Deutsche Gesellschaft f\u00fcr kosmetische Zahnmedizin (DGKZ)<\/a><\/p>\n<p>[\/vc_column_text][vc_single_image image=&#8221;16990&#8243; img_size=&#8221;full&#8221; alignment=&#8221;center&#8221; qode_css_animation=&#8221;element_from_fade&#8221;][\/vc_column][vc_column width=&#8221;1\/3&#8243;][vc_column_text]<\/p>\n<p style=\"text-align: center;\"><a class=\"extra\" href=\"http:\/\/www.aacd.com\/\" target=\"_blank\">American Academy of Cosmetic Dentistry (AACD)<\/a><\/p>\n<p>[\/vc_column_text][vc_single_image image=&#8221;16981&#8243; img_size=&#8221;full&#8221; qode_css_animation=&#8221;element_from_fade&#8221;][\/vc_column][\/vc_row]<\/p>\n","protected":false},"excerpt":{"rendered":"<p>[vc_row row_type=&#8221;row&#8221; use_row_as_full_screen_section=&#8221;no&#8221; type=&#8221;full_width&#8221; angled_section=&#8221;no&#8221; text_align=&#8221;left&#8221; background_image_as_pattern=&#8221;without_pattern&#8221; css_animation=&#8221;&#8221;][vc_column][vc_column_text] Memberships [\/vc_column_text][vc_column_text] Our physicians are members of various organisations and associations, such as: [\/vc_column_text][vc_empty_space][\/vc_column][\/vc_row][vc_row row_type=&#8221;row&#8221; use_row_as_full_screen_section=&#8221;no&#8221; type=&#8221;full_width&#8221; angled_section=&#8221;no&#8221; text_align=&#8221;left&#8221; background_image_as_pattern=&#8221;without_pattern&#8221; css_animation=&#8221;&#8221;][vc_column width=&#8221;1\/3&#8243;][vc_column_text] Deutsche Gesellschaft f\u00fcr Mund-, Kiefer- und Gesichtschirurgie (MKG) [\/vc_column_text][vc_single_image image=&#8221;16984&#8243; img_size=&#8221;full&#8221; qode_css_animation=&#8221;element_from_fade&#8221;][\/vc_column][vc_column width=&#8221;1\/3&#8243;][vc_column_text] Deutsche Gesellschaft&#8230;<\/p>\n","protected":false},"author":1,"featured_media":0,"parent":16469,"menu_order":0,"comment_status":"closed","ping_status":"closed","template":"","meta":{"footnotes":""},"class_list":["post-16496","page","type-page","status-publish","hentry"],"yoast_head":"<!-- This site is optimized with the Yoast SEO plugin v27.1.1 - https:\/\/yoast.com\/product\/yoast-seo-wordpress\/ -->\n<title>Memberships - Sch\u00f6nheitsklinik Hamburg - ESTETICA Clinic<\/title>\n<meta name=\"robots\" content=\"index, follow, max-snippet:-1, max-image-preview:large, max-video-preview:-1\" \/>\n<link rel=\"canonical\" href=\"https:\/\/www.estetica-clinic.de\/en\/plastic-surgery-hamburg\/memberships\/\" \/>\n<meta property=\"og:locale\" content=\"en_US\" \/>\n<meta property=\"og:type\" content=\"article\" \/>\n<meta property=\"og:title\" content=\"Memberships - Sch\u00f6nheitsklinik Hamburg - ESTETICA Clinic\" \/>\n<meta property=\"og:description\" content=\"[vc_row row_type=&#8221;row&#8221; use_row_as_full_screen_section=&#8221;no&#8221; type=&#8221;full_width&#8221; angled_section=&#8221;no&#8221; text_align=&#8221;left&#8221; background_image_as_pattern=&#8221;without_pattern&#8221; css_animation=&#8221;&#8221;][vc_column][vc_column_text] Memberships [\/vc_column_text][vc_column_text] Our physicians are members of various organisations and associations, such as: [\/vc_column_text][vc_empty_space][\/vc_column][\/vc_row][vc_row row_type=&#8221;row&#8221; use_row_as_full_screen_section=&#8221;no&#8221; type=&#8221;full_width&#8221; angled_section=&#8221;no&#8221; text_align=&#8221;left&#8221; background_image_as_pattern=&#8221;without_pattern&#8221; css_animation=&#8221;&#8221;][vc_column width=&#8221;1\/3&#8243;][vc_column_text] Deutsche Gesellschaft f\u00fcr Mund-, Kiefer- und Gesichtschirurgie (MKG) [\/vc_column_text][vc_single_image image=&#8221;16984&#8243; img_size=&#8221;full&#8221; qode_css_animation=&#8221;element_from_fade&#8221;][\/vc_column][vc_column width=&#8221;1\/3&#8243;][vc_column_text] Deutsche Gesellschaft...\" \/>\n<meta property=\"og:url\" content=\"https:\/\/www.estetica-clinic.de\/en\/plastic-surgery-hamburg\/memberships\/\" \/>\n<meta property=\"og:site_name\" content=\"Sch\u00f6nheitsklinik Hamburg - ESTETICA Clinic\" \/>\n<meta property=\"article:modified_time\" content=\"2016-04-04T15:20:09+00:00\" \/>\n<meta name=\"twitter:card\" content=\"summary_large_image\" \/>\n<meta name=\"twitter:label1\" content=\"Est. reading time\" \/>\n\t<meta name=\"twitter:data1\" content=\"2 minutes\" \/>\n<script type=\"application\/ld+json\" class=\"yoast-schema-graph\">{\"@context\":\"https:\/\/schema.org\",\"@graph\":[{\"@type\":\"WebPage\",\"@id\":\"https:\/\/www.estetica-clinic.de\/en\/plastic-surgery-hamburg\/memberships\/\",\"url\":\"https:\/\/www.estetica-clinic.de\/en\/plastic-surgery-hamburg\/memberships\/\",\"name\":\"Memberships - Sch\u00f6nheitsklinik Hamburg - ESTETICA Clinic\",\"isPartOf\":{\"@id\":\"https:\/\/www.estetica-clinic.de\/en\/#website\"},\"datePublished\":\"2015-12-20T16:19:03+00:00\",\"dateModified\":\"2016-04-04T15:20:09+00:00\",\"breadcrumb\":{\"@id\":\"https:\/\/www.estetica-clinic.de\/en\/plastic-surgery-hamburg\/memberships\/#breadcrumb\"},\"inLanguage\":\"en-US\",\"potentialAction\":[{\"@type\":\"ReadAction\",\"target\":[\"https:\/\/www.estetica-clinic.de\/en\/plastic-surgery-hamburg\/memberships\/\"]}]},{\"@type\":\"BreadcrumbList\",\"@id\":\"https:\/\/www.estetica-clinic.de\/en\/plastic-surgery-hamburg\/memberships\/#breadcrumb\",\"itemListElement\":[{\"@type\":\"ListItem\",\"position\":1,\"name\":\"Startseite\",\"item\":\"https:\/\/www.estetica-clinic.de\/en\/\"},{\"@type\":\"ListItem\",\"position\":2,\"name\":\"About the clinic\",\"item\":\"https:\/\/www.estetica-clinic.de\/en\/plastic-surgery-hamburg\/\"},{\"@type\":\"ListItem\",\"position\":3,\"name\":\"Memberships\"}]},{\"@type\":\"WebSite\",\"@id\":\"https:\/\/www.estetica-clinic.de\/en\/#website\",\"url\":\"https:\/\/www.estetica-clinic.de\/en\/\",\"name\":\"Sch\u00f6nheitsklinik Hamburg - ESTETICA Clinic\",\"description\":\"\",\"potentialAction\":[{\"@type\":\"SearchAction\",\"target\":{\"@type\":\"EntryPoint\",\"urlTemplate\":\"https:\/\/www.estetica-clinic.de\/en\/?s={search_term_string}\"},\"query-input\":{\"@type\":\"PropertyValueSpecification\",\"valueRequired\":true,\"valueName\":\"search_term_string\"}}],\"inLanguage\":\"en-US\"}]}<\/script>\n<!-- \/ Yoast SEO plugin. -->","yoast_head_json":{"title":"Memberships - Sch\u00f6nheitsklinik Hamburg - ESTETICA Clinic","robots":{"index":"index","follow":"follow","max-snippet":"max-snippet:-1","max-image-preview":"max-image-preview:large","max-video-preview":"max-video-preview:-1"},"canonical":"https:\/\/www.estetica-clinic.de\/en\/plastic-surgery-hamburg\/memberships\/","og_locale":"en_US","og_type":"article","og_title":"Memberships - Sch\u00f6nheitsklinik Hamburg - ESTETICA Clinic","og_description":"[vc_row row_type=&#8221;row&#8221; use_row_as_full_screen_section=&#8221;no&#8221; type=&#8221;full_width&#8221; angled_section=&#8221;no&#8221; text_align=&#8221;left&#8221; background_image_as_pattern=&#8221;without_pattern&#8221; css_animation=&#8221;&#8221;][vc_column][vc_column_text] Memberships [\/vc_column_text][vc_column_text] Our physicians are members of various organisations and associations, such as: [\/vc_column_text][vc_empty_space][\/vc_column][\/vc_row][vc_row row_type=&#8221;row&#8221; use_row_as_full_screen_section=&#8221;no&#8221; type=&#8221;full_width&#8221; angled_section=&#8221;no&#8221; text_align=&#8221;left&#8221; background_image_as_pattern=&#8221;without_pattern&#8221; css_animation=&#8221;&#8221;][vc_column width=&#8221;1\/3&#8243;][vc_column_text] Deutsche Gesellschaft f\u00fcr Mund-, Kiefer- und Gesichtschirurgie (MKG) [\/vc_column_text][vc_single_image image=&#8221;16984&#8243; img_size=&#8221;full&#8221; qode_css_animation=&#8221;element_from_fade&#8221;][\/vc_column][vc_column width=&#8221;1\/3&#8243;][vc_column_text] Deutsche Gesellschaft...","og_url":"https:\/\/www.estetica-clinic.de\/en\/plastic-surgery-hamburg\/memberships\/","og_site_name":"Sch\u00f6nheitsklinik Hamburg - ESTETICA Clinic","article_modified_time":"2016-04-04T15:20:09+00:00","twitter_card":"summary_large_image","twitter_misc":{"Est. reading time":"2 minutes"},"schema":{"@context":"https:\/\/schema.org","@graph":[{"@type":"WebPage","@id":"https:\/\/www.estetica-clinic.de\/en\/plastic-surgery-hamburg\/memberships\/","url":"https:\/\/www.estetica-clinic.de\/en\/plastic-surgery-hamburg\/memberships\/","name":"Memberships - Sch\u00f6nheitsklinik Hamburg - ESTETICA Clinic","isPartOf":{"@id":"https:\/\/www.estetica-clinic.de\/en\/#website"},"datePublished":"2015-12-20T16:19:03+00:00","dateModified":"2016-04-04T15:20:09+00:00","breadcrumb":{"@id":"https:\/\/www.estetica-clinic.de\/en\/plastic-surgery-hamburg\/memberships\/#breadcrumb"},"inLanguage":"en-US","potentialAction":[{"@type":"ReadAction","target":["https:\/\/www.estetica-clinic.de\/en\/plastic-surgery-hamburg\/memberships\/"]}]},{"@type":"BreadcrumbList","@id":"https:\/\/www.estetica-clinic.de\/en\/plastic-surgery-hamburg\/memberships\/#breadcrumb","itemListElement":[{"@type":"ListItem","position":1,"name":"Startseite","item":"https:\/\/www.estetica-clinic.de\/en\/"},{"@type":"ListItem","position":2,"name":"About the clinic","item":"https:\/\/www.estetica-clinic.de\/en\/plastic-surgery-hamburg\/"},{"@type":"ListItem","position":3,"name":"Memberships"}]},{"@type":"WebSite","@id":"https:\/\/www.estetica-clinic.de\/en\/#website","url":"https:\/\/www.estetica-clinic.de\/en\/","name":"Sch\u00f6nheitsklinik Hamburg - ESTETICA Clinic","description":"","potentialAction":[{"@type":"SearchAction","target":{"@type":"EntryPoint","urlTemplate":"https:\/\/www.estetica-clinic.de\/en\/?s={search_term_string}"},"query-input":{"@type":"PropertyValueSpecification","valueRequired":true,"valueName":"search_term_string"}}],"inLanguage":"en-US"}]}},"_links":{"self":[{"href":"https:\/\/www.estetica-clinic.de\/en\/wp-json\/wp\/v2\/pages\/16496","targetHints":{"allow":["GET"]}}],"collection":[{"href":"https:\/\/www.estetica-clinic.de\/en\/wp-json\/wp\/v2\/pages"}],"about":[{"href":"https:\/\/www.estetica-clinic.de\/en\/wp-json\/wp\/v2\/types\/page"}],"author":[{"embeddable":true,"href":"https:\/\/www.estetica-clinic.de\/en\/wp-json\/wp\/v2\/users\/1"}],"replies":[{"embeddable":true,"href":"https:\/\/www.estetica-clinic.de\/en\/wp-json\/wp\/v2\/comments?post=16496"}],"version-history":[{"count":0,"href":"https:\/\/www.estetica-clinic.de\/en\/wp-json\/wp\/v2\/pages\/16496\/revisions"}],"up":[{"embeddable":true,"href":"https:\/\/www.estetica-clinic.de\/en\/wp-json\/wp\/v2\/pages\/16469"}],"wp:attachment":[{"href":"https:\/\/www.estetica-clinic.de\/en\/wp-json\/wp\/v2\/media?parent=16496"}],"curies":[{"name":"wp","href":"https:\/\/api.w.org\/{rel}","templated":true}]}}